{"id":44,"date":"2014-06-27T12:46:43","date_gmt":"2014-06-27T10:46:43","guid":{"rendered":"http:\/\/cepajmiribarren.educacion.navarra.es\/web\/?page_id=44"},"modified":"2020-08-24T15:19:11","modified_gmt":"2020-08-24T13:19:11","slug":"formacion-personal","status":"publish","type":"page","link":"https:\/\/cepajmiribarren.educacion.navarra.es\/web\/formacion-personal\/","title":{"rendered":"Formaci\u00f3n personal"},"content":{"rendered":"<div style=\"text-align: justify;\">\n<h3><span style=\"text-decoration: underline; color: #0000ff;\"><a style=\"color: #0000ff; text-decoration: underline;\" href=\"https:\/\/cepajmiribarren.educacion.navarra.es\/web\/formacion-personal-frances\/\">Franc\u00e9s<\/a><\/span><\/h3>\n<h3><span style=\"text-decoration: underline; color: #0000ff;\"><a style=\"color: #0000ff; text-decoration: underline;\" href=\"https:\/\/cepajmiribarren.educacion.navarra.es\/web\/formacion-personal-informatica\/\">Inform\u00e1tica<\/a><\/span><\/h3>\n<h3><span style=\"text-decoration: underline; color: #0000ff;\"><a style=\"color: #0000ff; text-decoration: underline;\" href=\"https:\/\/cepajmiribarren.educacion.navarra.es\/web\/formacion-personal-ingles\/\">Ingl\u00e9s<\/a><\/span><\/h3>\n<h3><span style=\"text-decoration: underline; color: #0000ff;\"><a style=\"color: #0000ff; text-decoration: underline;\" href=\"https:\/\/cepajmiribarren.educacion.navarra.es\/web\/aulamentor\/\" target=\"_blank\" rel=\"noopener noreferrer\">Aula Mentor<\/a><\/span><\/h3>\n<p>\u00a0<\/p>\n<\/div>\n\n","protected":false},"excerpt":{"rendered":"<p>Franc\u00e9s Inform\u00e1tica Ingl\u00e9s Aula Mentor \u00a0<\/p>\n<p class=\"continue-reading-button\"> <a class=\"continue-reading-link\" href=\"https:\/\/cepajmiribarren.educacion.navarra.es\/web\/formacion-personal\/\">Leer m\u00e1s..<i class=\"crycon-right-dir\"><\/i><\/a><\/p>\n","protected":false},"author":1,"featured_media":429,"parent":0,"menu_order":0,"comment_status":"closed","ping_status":"closed","template":"","meta":[],"_links":{"self":[{"href":"https:\/\/cepajmiribarren.educacion.navarra.es\/web\/wp-json\/wp\/v2\/pages\/44"}],"collection":[{"href":"https:\/\/cepajmiribarren.educacion.navarra.es\/web\/wp-json\/wp\/v2\/pages"}],"about":[{"href":"https:\/\/cepajmiribarren.educacion.navarra.es\/web\/wp-json\/wp\/v2\/types\/page"}],"author":[{"embeddable":true,"href":"https:\/\/cepajmiribarren.educacion.navarra.es\/web\/wp-json\/wp\/v2\/users\/1"}],"replies":[{"embeddable":true,"href":"https:\/\/cepajmiribarren.educacion.navarra.es\/web\/wp-json\/wp\/v2\/comments?post=44"}],"version-history":[{"count":148,"href":"https:\/\/cepajmiribarren.educacion.navarra.es\/web\/wp-json\/wp\/v2\/pages\/44\/revisions"}],"predecessor-version":[{"id":2208,"href":"https:\/\/cepajmiribarren.educacion.navarra.es\/web\/wp-json\/wp\/v2\/pages\/44\/revisions\/2208"}],"wp:featuredmedia":[{"embeddable":true,"href":"https:\/\/cepajmiribarren.educacion.navarra.es\/web\/wp-json\/wp\/v2\/media\/429"}],"wp:attachment":[{"href":"https:\/\/cepajmiribarren.educacion.navarra.es\/web\/wp-json\/wp\/v2\/media?parent=44"}],"curies":[{"name":"wp","href":"https:\/\/api.w.org\/{rel}","templated":true}]}}