{"id":42,"date":"2014-06-27T12:45:10","date_gmt":"2014-06-27T10:45:10","guid":{"rendered":"http:\/\/cepajmiribarren.educacion.navarra.es\/web\/?page_id=42"},"modified":"2024-10-17T12:22:00","modified_gmt":"2024-10-17T10:22:00","slug":"castellano","status":"publish","type":"page","link":"https:\/\/cepajmiribarren.educacion.navarra.es\/web\/castellano\/","title":{"rendered":"Castellano"},"content":{"rendered":"<p style=\"text-align: justify;\">El CPEBPA \u201cJos\u00e9 Mar\u00eda Iribarren\u201d ofrece cursos de espa\u00f1ol para inmigrantes con el fin de dotar al alumnado de los recursos de comprensi\u00f3n y expresi\u00f3n que les permitan utilizar adecuadamente el castellano en distintas situaciones.<\/p>\n<p style=\"text-align: justify;\">La riqueza y complejidad de las tareas de aprendizaje se van ampliando en funci\u00f3n de los niveles, buscando que el alumnado progrese desde el nivel de usuario b\u00e1sico al de usuario independiente, hasta alcanzar el \u00faltimo curso el nivel de usuario avanzado.<\/p>\n<p><strong><u>METODOLOG\u00cdA:<\/u><\/strong><\/p>\n<p style=\"text-align: justify;\">Damos prioridad a los contenidos funcionales. Las clases son din\u00e1micas y participativas, est\u00e1n centradas en fortalecer las funciones comunicativas y progresan de menor a mayor complejidad. Utilizamos modelos de lengua reales en contextos orales y escritos.<\/p>\n<p><strong><u>EVALUACI\u00d3N:<\/u><\/strong><\/p>\n<p style=\"text-align: justify;\">La evaluaci\u00f3n es continua para poder intervenir de forma adecuada en el aprendizaje del alumnado. Al final de\u00a0 cada cuatrimestre se realiza una prueba valorativa de las cuatro destrezas (expresi\u00f3n y comprensi\u00f3n tanto oral como escrita).<\/p>\n<p><strong><u>MATR\u00cdCULA, HORARIOS Y ASISTENCIA:<\/u><\/strong><\/p>\n<p style=\"text-align: justify;\">Los cursos tienen una duraci\u00f3n cuatrimestral. Comienzan en septiembre y febrero, aunque el per\u00edodo de matr\u00edcula est\u00e1 abierto durante todo el curso escolar cubri\u00e9ndose las plazas que van quedando vacantes.<\/p>\n<p style=\"text-align: justify;\">Las clases se imparten en horarios de ma\u00f1ana, sobremesa\u00a0 y tarde. Las sesiones tienen una duraci\u00f3n de hora y media o dos horas durante tres o cuatro d\u00edas a la semana.<\/p>\n<p><span style=\"text-decoration: underline;\"><strong>NIVELES<\/strong><\/span><\/p>\n<ul>\n<li style=\"text-align: justify;\">Tres niveles dirigidos a personas que, adem\u00e1s de aprender castellano, necesitan mejorar\u00a0las destrezas b\u00e1sicas de lectura y escritura. Est\u00e1n pensados para personas que tienen niveles de estudios primarios o inferiores. Algunos son analfabetos en su lengua de origen.<\/li>\n<\/ul>\n<p style=\"padding-left: 30px;\">\u00a0\u00a0\u00a0\u00a0\u00a0\u00a0\u00a0\u00a0\u00a0\u00a0\u00a0\u00a0\u00a0\u00a0\u00a0\u00a0\u00a0\u00a0\u00a0\u00a0\u00a0\u00a0\u00a0\u00a0\u00a0\u00a0\u00a0\u00a0 \u00a0 \u00a0 \u00a0 \u00a0 \u00a0 \u00a0 \u00a0\u00a0 A0.1 ALFABETIZACI\u00d3N<\/p>\n<p style=\"padding-left: 30px;\">\u00a0\u00a0\u00a0\u00a0\u00a0\u00a0\u00a0\u00a0\u00a0\u00a0\u00a0\u00a0\u00a0\u00a0\u00a0\u00a0\u00a0\u00a0\u00a0\u00a0\u00a0\u00a0\u00a0\u00a0\u00a0\u00a0\u00a0\u00a0\u00a0\u00a0\u00a0\u00a0\u00a0\u00a0\u00a0\u00a0\u00a0\u00a0\u00a0\u00a0\u00a0\u00a0\u00a0 A0.2 NEOLECTORES<\/p>\n<p style=\"padding-left: 30px;\">\u00a0\u00a0\u00a0\u00a0\u00a0\u00a0\u00a0\u00a0\u00a0\u00a0\u00a0\u00a0\u00a0\u00a0\u00a0\u00a0\u00a0\u00a0\u00a0\u00a0\u00a0\u00a0\u00a0\u00a0\u00a0\u00a0\u00a0\u00a0\u00a0\u00a0\u00a0\u00a0\u00a0\u00a0\u00a0\u00a0\u00a0\u00a0\u00a0\u00a0\u00a0\u00a0\u00a0 A0.3 CONSOLIDACI\u00d3N<\/p>\n<ul>\n<li style=\"text-align: justify;\">Cuatro niveles dirigidos a personas que tienen, al menos, unos niveles de estudios b\u00e1sicos y quieren iniciar o mejorar en el conocimiento del idioma castellano hablado y escrito:<\/li>\n<\/ul>\n<p style=\"padding-left: 30px; text-align: justify;\">\u00a0\u00a0\u00a0\u00a0\u00a0\u00a0\u00a0\u00a0\u00a0\u00a0\u00a0\u00a0\u00a0\u00a0\u00a0\u00a0\u00a0\u00a0\u00a0\u00a0\u00a0\u00a0\u00a0\u00a0\u00a0\u00a0\u00a0\u00a0\u00a0\u00a0\u00a0\u00a0\u00a0\u00a0\u00a0\u00a0\u00a0\u00a0\u00a0\u00a0\u00a0\u00a0\u00a0 A 1<\/p>\n<p style=\"padding-left: 30px; text-align: justify;\">\u00a0\u00a0\u00a0\u00a0\u00a0\u00a0\u00a0\u00a0\u00a0\u00a0\u00a0\u00a0\u00a0\u00a0\u00a0\u00a0\u00a0\u00a0\u00a0\u00a0\u00a0\u00a0\u00a0\u00a0\u00a0\u00a0\u00a0\u00a0\u00a0\u00a0\u00a0\u00a0\u00a0\u00a0\u00a0 \u00a0 \u00a0\u00a0\u00a0\u00a0\u00a0 A 2<\/p>\n<p style=\"padding-left: 30px; text-align: justify;\">\u00a0\u00a0\u00a0\u00a0\u00a0\u00a0\u00a0\u00a0\u00a0\u00a0\u00a0\u00a0\u00a0\u00a0\u00a0\u00a0\u00a0\u00a0\u00a0\u00a0\u00a0\u00a0\u00a0\u00a0\u00a0\u00a0\u00a0\u00a0\u00a0\u00a0\u00a0\u00a0\u00a0\u00a0\u00a0\u00a0\u00a0\u00a0\u00a0\u00a0\u00a0\u00a0\u00a0 B 1<\/p>\n<p style=\"padding-left: 30px; text-align: justify;\">\u00a0\u00a0\u00a0\u00a0\u00a0\u00a0\u00a0\u00a0\u00a0\u00a0\u00a0\u00a0\u00a0\u00a0\u00a0\u00a0\u00a0\u00a0\u00a0\u00a0\u00a0\u00a0\u00a0\u00a0\u00a0\u00a0\u00a0\u00a0\u00a0\u00a0\u00a0\u00a0\u00a0\u00a0\u00a0\u00a0\u00a0\u00a0\u00a0\u00a0\u00a0\u00a0\u00a0 B 2<\/p>\n<p style=\"text-align: justify;\">A todas las personas inscritas en Castellano se les realiza una Valoraci\u00f3n Inicial con el fin de conocer su nivel de escolarizaci\u00f3n y sus conocimientos de castellano.<\/p>\n<p style=\"text-align: justify;\">Si deseas m\u00e1s informaci\u00f3n sobre los contenidos impartidos en las clases de Castellano, puedes ver el archivo adjunto: <span style=\"color: #3366ff;\"><a style=\"color: #3366ff;\" href=\"http:\/\/cepajmiribarren.educacion.navarra.es\/web\/wp-content\/uploads\/2014\/06\/Castellano.pdf\">Castellano<\/a><\/span><\/p>\n","protected":false},"excerpt":{"rendered":"<p>El CPEBPA \u201cJos\u00e9 Mar\u00eda Iribarren\u201d ofrece cursos de espa\u00f1ol para inmigrantes con el fin de dotar al alumnado de los recursos de comprensi\u00f3n y expresi\u00f3n que les permitan utilizar adecuadamente el castellano en distintas situaciones. La riqueza y complejidad de las tareas de aprendizaje se van ampliando en funci\u00f3n de\u2026<\/p>\n<p class=\"continue-reading-button\"> <a class=\"continue-reading-link\" href=\"https:\/\/cepajmiribarren.educacion.navarra.es\/web\/castellano\/\">Leer m\u00e1s..<i class=\"crycon-right-dir\"><\/i><\/a><\/p>\n","protected":false},"author":1,"featured_media":0,"parent":0,"menu_order":0,"comment_status":"closed","ping_status":"closed","template":"","meta":[],"_links":{"self":[{"href":"https:\/\/cepajmiribarren.educacion.navarra.es\/web\/wp-json\/wp\/v2\/pages\/42"}],"collection":[{"href":"https:\/\/cepajmiribarren.educacion.navarra.es\/web\/wp-json\/wp\/v2\/pages"}],"about":[{"href":"https:\/\/cepajmiribarren.educacion.navarra.es\/web\/wp-json\/wp\/v2\/types\/page"}],"author":[{"embeddable":true,"href":"https:\/\/cepajmiribarren.educacion.navarra.es\/web\/wp-json\/wp\/v2\/users\/1"}],"replies":[{"embeddable":true,"href":"https:\/\/cepajmiribarren.educacion.navarra.es\/web\/wp-json\/wp\/v2\/comments?post=42"}],"version-history":[{"count":17,"href":"https:\/\/cepajmiribarren.educacion.navarra.es\/web\/wp-json\/wp\/v2\/pages\/42\/revisions"}],"predecessor-version":[{"id":4006,"href":"https:\/\/cepajmiribarren.educacion.navarra.es\/web\/wp-json\/wp\/v2\/pages\/42\/revisions\/4006"}],"wp:attachment":[{"href":"https:\/\/cepajmiribarren.educacion.navarra.es\/web\/wp-json\/wp\/v2\/media?parent=42"}],"curies":[{"name":"wp","href":"https:\/\/api.w.org\/{rel}","templated":true}]}}