{"id":36,"date":"2014-06-27T12:42:34","date_gmt":"2014-06-27T10:42:34","guid":{"rendered":"http:\/\/cepajmiribarren.educacion.navarra.es\/web\/?page_id=36"},"modified":"2020-03-13T09:55:37","modified_gmt":"2020-03-13T08:55:37","slug":"el-centro","status":"publish","type":"page","link":"https:\/\/cepajmiribarren.educacion.navarra.es\/web\/el-centro\/","title":{"rendered":"El centro"},"content":{"rendered":"<p style=\"text-align: justify;\">El Centro P\u00fablico de Educaci\u00f3n B\u00e1sica de Personas Adultas \u00abJos\u00e9 Mar\u00eda Iribarren\u00bb de Pamplona es un Centro zonal que consta de un Centro Base situado en C\/ Bartolom\u00e9 de Carranza n\u00famero 5, en el barrio de Ermitaga\u00f1a, y aulas en barrios de Pamplona y en los Ayuntamientos de la zona que lo demandan, as\u00ed como en el Centro Penitenciario de Pamplona.<\/p>\n<p style=\"text-align: justify;\">Se imparten cursos de Formaci\u00f3n B\u00e1sica, Competencias Clave N2 (en colaboraci\u00f3n con la Agencia Navarra de Empleo), Castellano para extranjeros, Grupos Espec\u00edficos de Personas Adultas (GEA), Formaci\u00f3n Personal, Aula Mentor (cursos online) y CCSE (Conocimiento de la Cultura y Sociedad Espa\u00f1ola).<\/p>\n<p style=\"text-align: justify;\">Dado su car\u00e1cter zonal y las diversas actividades formativas que se imparten, se atiende a una\u00a0\u00a0poblaci\u00f3n muy heterog\u00e9nea en edad, cultura, procedencia, forma de vida, etc.<\/p>\n<p style=\"text-align: justify;\">La edad m\u00ednima de inscripci\u00f3n es de 18 a\u00f1os.<\/p>\n<p style=\"text-align: justify;\">Los cursos son cuatrimestrales (excepto los de Aula Mentor) y las clases se desarrollan a lo largo del d\u00eda en horario de ma\u00f1ana, tarde y noche desde las 9:00 hasta las 21:00 horas en sesiones de hora y media o dos horas. Cada grupo recibe clases de dos a cuatro d\u00edas a la semana.<\/p>\n<p style=\"text-align: justify;\"><strong>\u00bfQui\u00e9n fue Jos\u00e9 M\u00aa Iribarren?<\/strong><\/p>\n<p>El Centro toma su nombre del abogado y escritor \u201cJos\u00e9 M\u00aa Iribarren\u201d (Tudela, 1906 \u2013 Pamplona, 1971).<\/p>\n<p>Jos\u00e9 M\u00aa Iribarren es el escritor navarro m\u00e1s le\u00eddo durante el siglo XX y una figura clave para entender el habla y las costumbres navarras. Enamorado de Navarra y de su gente, su pluma captar\u00e1 lo que en ella palpita, su historia, sus hombres, su esfuerzo diario.<\/p>\n<p><a href=\"http:\/\/cepajmiribarren.educacion.navarra.es\/web\/wp-content\/uploads\/2017\/03\/busto.png\"><img loading=\"lazy\" class=\"alignleft size-medium wp-image-1290\" src=\"http:\/\/cepajmiribarren.educacion.navarra.es\/web\/wp-content\/uploads\/2017\/03\/busto-197x300.png\" alt=\"\" width=\"197\" height=\"300\" srcset=\"https:\/\/cepajmiribarren.educacion.navarra.es\/web\/wp-content\/uploads\/2017\/03\/busto-197x300.png 197w, https:\/\/cepajmiribarren.educacion.navarra.es\/web\/wp-content\/uploads\/2017\/03\/busto-98x150.png 98w, https:\/\/cepajmiribarren.educacion.navarra.es\/web\/wp-content\/uploads\/2017\/03\/busto.png 200w\" sizes=\"(max-width: 197px) 100vw, 197px\" \/><\/a>Colabor\u00f3 en diversos peri\u00f3dicos y revistas de Pamplona, Barcelona y Madrid, siendo de destacar el gran n\u00famero de art\u00edculos aparecidos en las revistas <em>Pr\u00edncipe de Viana<\/em> y <em>Vida Vasca<\/em>. Fue miembro fundador de la Instituci\u00f3n <em>Pr\u00edncipe de Viana<\/em>, vocal de Navarra del <em>Consejo Superior de Investigaciones<\/em>, acad\u00e9mico correspondiente de la <em>Real Academia Espa\u00f1ola de la Lengua<\/em>, de la <em>Real Academia de la Historia<\/em> y de la <em>Academia de la Lengua Vasca.<\/em><\/p>\n<p>Su esposa deseaba donar al Centro Jos\u00e9 M\u00aa Iribarren un busto del escritor esculpido por Antonio Loperena. Tras su muerte, la albacea de la familia, en noviembre de 1999, nos hizo entrega del busto.<\/p>\n","protected":false},"excerpt":{"rendered":"<p>El Centro P\u00fablico de Educaci\u00f3n B\u00e1sica de Personas Adultas \u00abJos\u00e9 Mar\u00eda Iribarren\u00bb de Pamplona es un Centro zonal que consta de un Centro Base situado en C\/ Bartolom\u00e9 de Carranza n\u00famero 5, en el barrio de Ermitaga\u00f1a, y aulas en barrios de Pamplona y en los Ayuntamientos de la zona\u2026<\/p>\n<p class=\"continue-reading-button\"> <a class=\"continue-reading-link\" href=\"https:\/\/cepajmiribarren.educacion.navarra.es\/web\/el-centro\/\">Leer m\u00e1s..<i class=\"crycon-right-dir\"><\/i><\/a><\/p>\n","protected":false},"author":1,"featured_media":508,"parent":0,"menu_order":0,"comment_status":"closed","ping_status":"closed","template":"","meta":[],"_links":{"self":[{"href":"https:\/\/cepajmiribarren.educacion.navarra.es\/web\/wp-json\/wp\/v2\/pages\/36"}],"collection":[{"href":"https:\/\/cepajmiribarren.educacion.navarra.es\/web\/wp-json\/wp\/v2\/pages"}],"about":[{"href":"https:\/\/cepajmiribarren.educacion.navarra.es\/web\/wp-json\/wp\/v2\/types\/page"}],"author":[{"embeddable":true,"href":"https:\/\/cepajmiribarren.educacion.navarra.es\/web\/wp-json\/wp\/v2\/users\/1"}],"replies":[{"embeddable":true,"href":"https:\/\/cepajmiribarren.educacion.navarra.es\/web\/wp-json\/wp\/v2\/comments?post=36"}],"version-history":[{"count":23,"href":"https:\/\/cepajmiribarren.educacion.navarra.es\/web\/wp-json\/wp\/v2\/pages\/36\/revisions"}],"predecessor-version":[{"id":1859,"href":"https:\/\/cepajmiribarren.educacion.navarra.es\/web\/wp-json\/wp\/v2\/pages\/36\/revisions\/1859"}],"wp:featuredmedia":[{"embeddable":true,"href":"https:\/\/cepajmiribarren.educacion.navarra.es\/web\/wp-json\/wp\/v2\/media\/508"}],"wp:attachment":[{"href":"https:\/\/cepajmiribarren.educacion.navarra.es\/web\/wp-json\/wp\/v2\/media?parent=36"}],"curies":[{"name":"wp","href":"https:\/\/api.w.org\/{rel}","templated":true}]}}