{"id":2441,"date":"2021-03-31T10:12:04","date_gmt":"2021-03-31T08:12:04","guid":{"rendered":"https:\/\/cepajmiribarren.educacion.navarra.es\/web\/?page_id=2441"},"modified":"2021-04-19T10:45:24","modified_gmt":"2021-04-19T08:45:24","slug":"dia-del-libro-2021","status":"publish","type":"page","link":"https:\/\/cepajmiribarren.educacion.navarra.es\/web\/dia-del-libro-2021\/","title":{"rendered":"D\u00eda del libro 2021"},"content":{"rendered":"\n<p style=\"text-align: justify;\"><a href=\"https:\/\/cepajmiribarren.educacion.navarra.es\/web\/wp-content\/uploads\/2020\/04\/dia-del-libro.jpeg\"><img loading=\"lazy\" class=\"alignleft  wp-image-1889\" src=\"https:\/\/cepajmiribarren.educacion.navarra.es\/web\/wp-content\/uploads\/2020\/04\/dia-del-libro.jpeg\" alt=\"\" width=\"192\" height=\"271\" srcset=\"https:\/\/cepajmiribarren.educacion.navarra.es\/web\/wp-content\/uploads\/2020\/04\/dia-del-libro.jpeg 752w, https:\/\/cepajmiribarren.educacion.navarra.es\/web\/wp-content\/uploads\/2020\/04\/dia-del-libro-212x300.jpeg 212w, https:\/\/cepajmiribarren.educacion.navarra.es\/web\/wp-content\/uploads\/2020\/04\/dia-del-libro-724x1024.jpeg 724w, https:\/\/cepajmiribarren.educacion.navarra.es\/web\/wp-content\/uploads\/2020\/04\/dia-del-libro-106x150.jpeg 106w\" sizes=\"(max-width: 192px) 100vw, 192px\" \/><\/a><\/p>\n<p style=\"text-align: justify;\">Por segundo a\u00f1o consecutivo, la lectura p\u00fablica que sol\u00edamos realizar en el sal\u00f3n multiusos va a ser imposible de hacer, debido a la situaci\u00f3n sanitaria actual. Por este motivo, este a\u00f1o vamos a celebrar el d\u00eda del libro con una exposici\u00f3n de v\u00eddeos creados en las aulas con los grupos que han participado. A continuaci\u00f3n ten\u00e9is el \u00edndice de los grupos que han realizado los v\u00eddeos, agrupados en las distintas ense\u00f1anzas que ofrece nuestro centro.<\/p>\n<p style=\"text-align: justify;\">Ten\u00e9is que hacer clic sobre el grupo que quer\u00e1is para acceder al v\u00eddeo.<\/p>\n<p style=\"text-align: justify;\">Esperamos que disfrut\u00e9is con ellos.<\/p>\n\n\n\n<hr class=\"wp-block-separator is-style-wide\"\/>\n\n\n\n<h2 class=\"has-vivid-red-color has-text-color\"><strong>CASTELLANO<\/strong><\/h2>\n\n\n\n<ul>\n<li><a href=\"https:\/\/youtu.be\/yWQSHM4p0w8\" target=\"_blank\" rel=\"noopener\">Castellano ALFABETIZACI\u00d3N 9.30 [Hija del camino \u2013 Luc\u00eda Asu\u00e9 Mbomio Rubio]<\/a><\/li>\n<li><a href=\"https:\/\/youtu.be\/I7mC_f09o8Y\" target=\"_blank\" rel=\"noopener\">Castellano NEOLECTORES Pamplona e Irurtzun [Sin miedo \u2013 Rosana]<\/a><\/li>\n<li><a href=\"https:\/\/youtu.be\/X_d0mlOHUXA\" target=\"_blank\" rel=\"noopener\">Castellano NEOLECTORES 9.30 [Poema al no &#8211; Gloria Fuertes]<\/a><\/li>\n<li><a href=\"https:\/\/youtu.be\/BXVkPO3KHZE\" target=\"_blank\" rel=\"noopener\">Castellano NEO \/ A2.2 \/ B1.2 [La puerta violeta &#8211; Mar\u00eda Rozal\u00e9n]<\/a><\/li>\n<li><a href=\"https:\/\/youtu.be\/pRtLbYFQVhs\" target=\"_blank\" rel=\"noopener\">Castellano CONSOLIDACI\u00d3N 9.30<\/a><\/li>\n<li><a href=\"https:\/\/youtu.be\/1CQgtfybVRs\" target=\"_blank\" rel=\"noopener\">Castellano CONSOLIDACI\u00d3N 11.30 [Un canto a la vida &#8211; Vanesa Martin]<\/a><\/li>\n<li><a href=\"https:\/\/youtu.be\/DvkZEslV6pQ\" target=\"_blank\" rel=\"noopener\"> Castellano CONSOLIDACI\u00d3N 15.30 [Lo que tiene el mar &#8211; Isabel Medina]<\/a><\/li>\n<li><a href=\"https:\/\/youtu.be\/ZlWRVnsfgkY\" target=\"_blank\" rel=\"noopener\">Castellano A1.1<\/a><\/li>\n<li><a href=\"https:\/\/youtu.be\/LYrqB73XhEw\" target=\"_blank\" rel=\"noopener\">Castellano A1.1 y A2.2 [poemas de Gloria Fuertes]<\/a><\/li>\n<li><a href=\"https:\/\/youtu.be\/057QY00CuFU\" target=\"_blank\" rel=\"noopener\">Castellano A1.2 y Ense\u00f1anzas Iniciales 2 [Poemas de la vida]<\/a><\/li>\n<li><a href=\"https:\/\/youtu.be\/4ke8MP8UVRk\" target=\"_blank\" rel=\"noopener\">Castellano A2.1<\/a><\/li>\n<li><a href=\"https:\/\/youtu.be\/73_ZAYiCpN4\" target=\"_blank\" rel=\"noopener\">Castellano A2.2<\/a><\/li>\n<li><a href=\"https:\/\/youtu.be\/CDXcJ-Myg7Q\" target=\"_blank\" rel=\"noopener\">Castellano B1.1 [La puerta violeta &#8211; Rozal\u00e9n]<\/a><\/li>\n<li><a href=\"https:\/\/youtu.be\/Uy_q2242OaU\" target=\"_blank\" rel=\"noopener\">Castellano B1.1 [Que no, que no \u2013 Rozal\u00e9n]<\/a><\/li>\n<li><a href=\"https:\/\/youtu.be\/VAEF0RinlqY\" target=\"_blank\" rel=\"noopener\">Castellano B1.2 [Do\u00f1a Primavera- Gabriela Mistral]<\/a><\/li>\n<li><a href=\"https:\/\/youtu.be\/j3Ypy2CWKeo\" target=\"_blank\" rel=\"noopener\">Castellano B2.1 [Gabriela Mistral]<\/a><\/li>\n<li><a href=\"https:\/\/youtu.be\/LA2q_ynNVrw\" target=\"_blank\" rel=\"noopener\">Grupo de la Txantrea<\/a><\/li>\n<li><a href=\"https:\/\/youtu.be\/YqzDlDV8vlM\" target=\"_blank\" rel=\"noopener\">Alfabetizaci\u00f3n \/ A2.1 \/ A2.2 [La isla ignorada &#8211; Gloria Fuertes]<\/a><\/li>\n<li><a href=\"https:\/\/youtu.be\/LDvxW1PoCM0\" target=\"_blank\" rel=\"noopener\">Grupos de Berriozar [El mar-Isabel Moriones]<\/a><\/li>\n<li><a href=\"https:\/\/youtu.be\/PCpT6L63a8Q\" target=\"_blank\" rel=\"noopener\">Grupos de Berriozar [El mar-Isabel Moriones]-2<\/a><\/li>\n<\/ul>\n\n\n\n<hr class=\"wp-block-separator is-style-wide\"\/>\n\n\n\n<h2 class=\"has-vivid-red-color has-text-color\"><strong>ENSE\u00d1ANZAS INICIALES<\/strong><\/h2>\n\n\n\n<ul>\n<li><a href=\"https:\/\/youtu.be\/v2XLKP1I6rI\" target=\"_blank\" rel=\"noopener\">ALFA-NEO Virgen del Camino [Do\u00f1a Primavera \u2013 Gabriela Mistral]<\/a><\/li>\n<li><a href=\"https:\/\/youtu.be\/saQtNtA4Toc\" target=\"_blank\" rel=\"noopener\">CONSO Virgen del Camino [La higuera \u2013 Juana de Ibarbourou]<\/a><\/li>\n<li><a href=\"https:\/\/youtu.be\/lQVCrARlSB4\" target=\"_blank\" rel=\"noopener\">Ense\u00f1anzas Iniciales 1 &#8211; 9.30 [Aves enjauladas &#8211; Rozal\u00e9n]<\/a><\/li>\n<li><a href=\"https:\/\/youtu.be\/V3_6se_j-eI\" target=\"_blank\" rel=\"noopener\">Ense\u00f1anzas Iniciales 1-15.30 [Dulcinea del Toboso &#8211; Cervantes]<\/a><\/li>\n<li><a href=\"https:\/\/youtu.be\/3B7OTCaWOu0\" target=\"_blank\" rel=\"noopener\">Ense\u00f1anzas Iniciales 1 &#8211; 17.30 [La vuelta al mundo &#8211; Nuria Carcavilla]<\/a><\/li>\n<li><a href=\"https:\/\/youtu.be\/e47yAhIw1pQ\" target=\"_blank\" rel=\"noopener\">Ense\u00f1anzas Iniciales 1 de Zizur [El tiovivo &#8211; Ana Mar\u00eda Matute]<\/a><\/li>\n<li><a href=\"https:\/\/youtu.be\/057QY00CuFU\" target=\"_blank\" rel=\"noopener\">Castellano A1.2 y Ense\u00f1anzas Iniciales 2 [Poemas de la vida]<\/a><\/li>\n<li><a href=\"https:\/\/youtu.be\/SMBuM5M4tdo\" target=\"_blank\" rel=\"noopener\">Ense\u00f1anzas Iniciales 1 &#8211; Grupos de la plaza de la Cruz [El tiovivo \u2013 Ana Mar\u00eda Matute]<\/a><\/li>\n<li><a href=\"https:\/\/youtu.be\/69rWq1pFPb8\" target=\"_blank\" rel=\"noopener\">Ense\u00f1anzas Iniciales 2 (ma\u00f1anas) [Aves enjauladas &#8211; Rozal\u00e9n]<\/a><\/li>\n<\/ul>\n\n\n\n<hr class=\"wp-block-separator is-style-wide\"\/>\n\n\n\n<h2 class=\"has-vivid-red-color has-text-color\"><strong>FORMACI\u00d3N PERSONAL<\/strong><\/h2>\n\n\n\n<ul>\n<li><a href=\"https:\/\/youtu.be\/kCoa4a7SAI8\" target=\"_blank\" rel=\"noopener\">Grupos de franc\u00e9s<\/a><\/li>\n<li><a href=\"https:\/\/youtu.be\/hmBecwbmRaA\" target=\"_blank\" rel=\"noopener\">Inform\u00e1tica 2 tardes [Vivir &#8211; Rozal\u00e9n]<\/a><\/li>\n<li><a href=\"https:\/\/youtu.be\/dTxVpXcdoO8\" target=\"_blank\" rel=\"noopener\">Inform\u00e1tica 3 [Cabra loca &#8211; Gloria Fuertes]<\/a><\/li>\n<li><a href=\"https:\/\/youtu.be\/-d2r79umNkg\" target=\"_blank\" rel=\"noopener\">Inform\u00e1tica 3 [En las orillas del Sar &#8211; Rosal\u00eda de Castro]<\/a><\/li>\n<li><a href=\"https:\/\/youtu.be\/iwi64HAVrw8\" target=\"_blank\" rel=\"noopener\">Inform\u00e1tica 4 ma\u00f1anas [Asesinato en el Orient Express &#8211; Agatha Christie]<\/a><\/li>\n<li><a href=\"https:\/\/youtu.be\/sP1qRFXgZNk\" target=\"_blank\" rel=\"noopener\">Inform\u00e1tica 4 tardes [Me hab\u00edan dicho &#8211; Jhoana Pati\u00f1o]<\/a><\/li>\n<li><a href=\"https:\/\/youtu.be\/7A62vaZOjGE\" target=\"_blank\" rel=\"noopener\">Inform\u00e1tica 5 [Recu\u00e9rdame &#8211; Poema escoc\u00e9s an\u00f3nimo]<\/a><\/li>\n<li><a href=\"https:\/\/youtu.be\/7qfxz-CevaQ\" target=\"_blank\" rel=\"noopener\">Grupos de ingl\u00e9s<\/a><\/li>\n<\/ul>\n\n\n\n<hr class=\"wp-block-separator is-style-wide\"\/>\n\n\n\n<h2 class=\"has-vivid-red-color has-text-color\"><strong>GRUPOS ESPEC\u00cdFICOS DE PERSONAS ADULTAS<\/strong><\/h2>\n\n\n\n<ul>\n<li><a href=\"https:\/\/youtu.be\/atQdYzsRjdg\" target=\"_blank\" rel=\"noopener\">Grupos GEA D-F [Quiero hacer contigo todo lo que la poes\u00eda a\u00fan no ha escrito \u2013 Elvira Sastre]<\/a><\/li>\n<li><a href=\"https:\/\/youtu.be\/WYnUX5kVXLo\" target=\"_blank\" rel=\"noopener\">Grupos GEA &#8211; Club de lectura f\u00e1cil [Trampa de fuego &#8211; N\u00faria Mart\u00ed Constans]<\/a><\/li>\n<\/ul>\n\n\n","protected":false},"excerpt":{"rendered":"<p>Por segundo a\u00f1o consecutivo, la lectura p\u00fablica que sol\u00edamos realizar en el sal\u00f3n multiusos va a ser imposible de hacer, debido a la situaci\u00f3n sanitaria actual. Por este motivo, este a\u00f1o vamos a celebrar el d\u00eda del libro con una exposici\u00f3n de v\u00eddeos creados en las aulas con los grupos\u2026<\/p>\n<p class=\"continue-reading-button\"> <a class=\"continue-reading-link\" href=\"https:\/\/cepajmiribarren.educacion.navarra.es\/web\/dia-del-libro-2021\/\">Leer m\u00e1s..<i class=\"crycon-right-dir\"><\/i><\/a><\/p>\n","protected":false},"author":1,"featured_media":0,"parent":0,"menu_order":0,"comment_status":"closed","ping_status":"closed","template":"","meta":[],"_links":{"self":[{"href":"https:\/\/cepajmiribarren.educacion.navarra.es\/web\/wp-json\/wp\/v2\/pages\/2441"}],"collection":[{"href":"https:\/\/cepajmiribarren.educacion.navarra.es\/web\/wp-json\/wp\/v2\/pages"}],"about":[{"href":"https:\/\/cepajmiribarren.educacion.navarra.es\/web\/wp-json\/wp\/v2\/types\/page"}],"author":[{"embeddable":true,"href":"https:\/\/cepajmiribarren.educacion.navarra.es\/web\/wp-json\/wp\/v2\/users\/1"}],"replies":[{"embeddable":true,"href":"https:\/\/cepajmiribarren.educacion.navarra.es\/web\/wp-json\/wp\/v2\/comments?post=2441"}],"version-history":[{"count":88,"href":"https:\/\/cepajmiribarren.educacion.navarra.es\/web\/wp-json\/wp\/v2\/pages\/2441\/revisions"}],"predecessor-version":[{"id":2598,"href":"https:\/\/cepajmiribarren.educacion.navarra.es\/web\/wp-json\/wp\/v2\/pages\/2441\/revisions\/2598"}],"wp:attachment":[{"href":"https:\/\/cepajmiribarren.educacion.navarra.es\/web\/wp-json\/wp\/v2\/media?parent=2441"}],"curies":[{"name":"wp","href":"https:\/\/api.w.org\/{rel}","templated":true}]}}