{"id":2054,"date":"2020-06-01T12:53:34","date_gmt":"2020-06-01T10:53:34","guid":{"rendered":"https:\/\/cepajmiribarren.educacion.navarra.es\/web\/?page_id=2054"},"modified":"2025-06-09T15:49:38","modified_gmt":"2025-06-09T13:49:38","slug":"formacion-personal-informatica","status":"publish","type":"page","link":"https:\/\/cepajmiribarren.educacion.navarra.es\/web\/formacion-personal\/formacion-personal-informatica\/","title":{"rendered":"Formaci\u00f3n personal: Inform\u00e1tica"},"content":{"rendered":"<div style=\"text-align: justify;\">\n<p>La incursi\u00f3n de las nuevas tecnolog\u00edas y el conocimiento b\u00e1sico de idiomas en nuestra vida cotidiana es una realidad, (gestiones bancarias, viajes, renovaci\u00f3n documentos, b\u00fasqueda empleo\u2026). En la <strong>Educaci\u00f3n Permanente<\/strong> somos conscientes de la necesidad de ense\u00f1ar a utilizar y aplicar el uso b\u00e1sico de las <strong>Nuevas Tecnolog\u00edas de la Informaci\u00f3n y la Comunicaci\u00f3n<\/strong>, para conseguir as\u00ed disminuir la brecha digital que existe en nuestra sociedad.<\/p>\n<p>Y en esa l\u00ednea continuamos, por eso ahora nos adaptamos a los tiempos y queremos que nadie se quede sin aprender ni conocer el mundo digital y unos conocimientos b\u00e1sicos de idiomas. De nuevo ayudamos a que esas personas adultas puedan incorporarse a la llamada sociedad de la informaci\u00f3n y el conocimiento.<\/p>\n<p>En el Plan Educativo actual, podemos ofrecer a personas de todas las edades, el gran abanico de posibilidades que les brindan las nuevas tecnolog\u00edas y el conocimiento b\u00e1sico de idiomas, una ventana abierta hacia nuevos mundos.<\/p>\n<\/div>\n<div style=\"text-align: justify;\"><hr \/>\n<p><span style=\"text-decoration: underline; color: #008000;\"><strong>INFORM\u00c1TICA<\/strong><\/span><\/p>\n<p style=\"text-align: justify;\">Uno de los objetivos de la Educaci\u00f3n de Personas Adultas es capacitar al alumnado para la comprensi\u00f3n de la cultura de su tiempo. Las nuevas tecnolog\u00edas han revolucionado nuestras vidas y el sector educativo no debe permanecer al margen de ellas. Es necesario contemplar la inform\u00e1tica como materia en los Centros de Educaci\u00f3n B\u00e1sica de Personas Adultas.<\/p>\n<p>Se imparten tres horas semanales en sesiones de hora y media.<\/p>\n<p>El curso est\u00e1 organizado en cinco niveles y cada nivel consta de dos m\u00f3dulos bimestrales, excepto el curso \u00abAplicaciones de Google\u00bb (inform\u00e1tica 5), que es cuatrimestral. Actualmente se ha instaurado un nuevo curso de Inform\u00e1tica 6, en el que ampliamos los contenidos de Inform\u00e1tica 5.<\/p>\n<p>A continuaci\u00f3n se presenta un horario de clases para el primer cuatrimestre del curso 2025-26.\u00a0<\/p>\n<\/div>\n\n\n<figure class=\"wp-block-image size-full is-style-default\"><a href=\"https:\/\/cepajmiribarren.educacion.navarra.es\/web\/wp-content\/uploads\/2025\/06\/informatica.png\"><img loading=\"lazy\" width=\"812\" height=\"431\" src=\"https:\/\/cepajmiribarren.educacion.navarra.es\/web\/wp-content\/uploads\/2025\/06\/informatica.png\" alt=\"\" class=\"wp-image-4128\" srcset=\"https:\/\/cepajmiribarren.educacion.navarra.es\/web\/wp-content\/uploads\/2025\/06\/informatica.png 812w, https:\/\/cepajmiribarren.educacion.navarra.es\/web\/wp-content\/uploads\/2025\/06\/informatica-300x159.png 300w, https:\/\/cepajmiribarren.educacion.navarra.es\/web\/wp-content\/uploads\/2025\/06\/informatica-768x408.png 768w, https:\/\/cepajmiribarren.educacion.navarra.es\/web\/wp-content\/uploads\/2025\/06\/informatica-150x80.png 150w\" sizes=\"(max-width: 812px) 100vw, 812px\" \/><\/a><\/figure>\n\n\n\n<hr class=\"wp-block-separator\"\/>\n\n\n\n\n\n<p style=\"text-align: center;\"><strong><span style=\"text-decoration: underline;\"><span style=\"color: #0000ff;\"><a style=\"color: #0000ff; text-decoration: underline;\" href=\"https:\/\/drive.google.com\/file\/d\/1ojl4iioTlsZ_P75DGk3EnamdTCinJxaK\/view?usp=share_link\" target=\"_blank\" rel=\"noopener noreferrer\">m\u00e1s informaci\u00f3n sobre Inform\u00e1tica<\/a><\/span><\/span><\/strong><\/p>\n","protected":false},"excerpt":{"rendered":"<p>La incursi\u00f3n de las nuevas tecnolog\u00edas y el conocimiento b\u00e1sico de idiomas en nuestra vida cotidiana es una realidad, (gestiones bancarias, viajes, renovaci\u00f3n documentos, b\u00fasqueda empleo\u2026). En la Educaci\u00f3n Permanente somos conscientes de la necesidad de ense\u00f1ar a utilizar y aplicar el uso b\u00e1sico de las Nuevas Tecnolog\u00edas de la\u2026<\/p>\n<p class=\"continue-reading-button\"> <a class=\"continue-reading-link\" href=\"https:\/\/cepajmiribarren.educacion.navarra.es\/web\/formacion-personal\/formacion-personal-informatica\/\">Leer m\u00e1s..<i class=\"crycon-right-dir\"><\/i><\/a><\/p>\n","protected":false},"author":4,"featured_media":0,"parent":44,"menu_order":0,"comment_status":"closed","ping_status":"closed","template":"","meta":[],"_links":{"self":[{"href":"https:\/\/cepajmiribarren.educacion.navarra.es\/web\/wp-json\/wp\/v2\/pages\/2054"}],"collection":[{"href":"https:\/\/cepajmiribarren.educacion.navarra.es\/web\/wp-json\/wp\/v2\/pages"}],"about":[{"href":"https:\/\/cepajmiribarren.educacion.navarra.es\/web\/wp-json\/wp\/v2\/types\/page"}],"author":[{"embeddable":true,"href":"https:\/\/cepajmiribarren.educacion.navarra.es\/web\/wp-json\/wp\/v2\/users\/4"}],"replies":[{"embeddable":true,"href":"https:\/\/cepajmiribarren.educacion.navarra.es\/web\/wp-json\/wp\/v2\/comments?post=2054"}],"version-history":[{"count":35,"href":"https:\/\/cepajmiribarren.educacion.navarra.es\/web\/wp-json\/wp\/v2\/pages\/2054\/revisions"}],"predecessor-version":[{"id":4133,"href":"https:\/\/cepajmiribarren.educacion.navarra.es\/web\/wp-json\/wp\/v2\/pages\/2054\/revisions\/4133"}],"up":[{"embeddable":true,"href":"https:\/\/cepajmiribarren.educacion.navarra.es\/web\/wp-json\/wp\/v2\/pages\/44"}],"wp:attachment":[{"href":"https:\/\/cepajmiribarren.educacion.navarra.es\/web\/wp-json\/wp\/v2\/media?parent=2054"}],"curies":[{"name":"wp","href":"https:\/\/api.w.org\/{rel}","templated":true}]}}