{"id":1426,"date":"2017-05-24T17:11:28","date_gmt":"2017-05-24T15:11:28","guid":{"rendered":"http:\/\/cepajmiribarren.educacion.navarra.es\/web\/?page_id=1426"},"modified":"2021-05-20T19:07:52","modified_gmt":"2021-05-20T17:07:52","slug":"normativa-2","status":"publish","type":"page","link":"https:\/\/cepajmiribarren.educacion.navarra.es\/web\/normativa-2\/","title":{"rendered":"Normativa"},"content":{"rendered":"<p>Os dejamos un enlace a la normativa que rige la Educaci\u00f3n P\u00fablica de Personas Adultas en Navarra y a la organizaci\u00f3n interna del Centro tanto en lo relativo a aspectos generales como a sus \u00f3rganos de gobierno y de coordinaci\u00f3n docente.\u00a0\u00a0<span style=\"color: #3366ff;\"><a style=\"color: #3366ff;\" href=\"https:\/\/drive.google.com\/file\/d\/11EeWuTxeI2NNxKVk9oU1qBaPQeFsMz6C\/view?usp=sharing\" target=\"_blank\" rel=\"noopener\">NORMATIVA<\/a><\/span><\/p>\n\n","protected":false},"excerpt":{"rendered":"<p>Os dejamos un enlace a la normativa que rige la Educaci\u00f3n P\u00fablica de Personas Adultas en Navarra y a la organizaci\u00f3n interna del Centro tanto en lo relativo a aspectos generales como a sus \u00f3rganos de gobierno y de coordinaci\u00f3n docente.\u00a0\u00a0NORMATIVA<\/p>\n<p class=\"continue-reading-button\"> <a class=\"continue-reading-link\" href=\"https:\/\/cepajmiribarren.educacion.navarra.es\/web\/normativa-2\/\">Leer m\u00e1s..<i class=\"crycon-right-dir\"><\/i><\/a><\/p>\n","protected":false},"author":1,"featured_media":0,"parent":0,"menu_order":0,"comment_status":"closed","ping_status":"closed","template":"","meta":[],"_links":{"self":[{"href":"https:\/\/cepajmiribarren.educacion.navarra.es\/web\/wp-json\/wp\/v2\/pages\/1426"}],"collection":[{"href":"https:\/\/cepajmiribarren.educacion.navarra.es\/web\/wp-json\/wp\/v2\/pages"}],"about":[{"href":"https:\/\/cepajmiribarren.educacion.navarra.es\/web\/wp-json\/wp\/v2\/types\/page"}],"author":[{"embeddable":true,"href":"https:\/\/cepajmiribarren.educacion.navarra.es\/web\/wp-json\/wp\/v2\/users\/1"}],"replies":[{"embeddable":true,"href":"https:\/\/cepajmiribarren.educacion.navarra.es\/web\/wp-json\/wp\/v2\/comments?post=1426"}],"version-history":[{"count":7,"href":"https:\/\/cepajmiribarren.educacion.navarra.es\/web\/wp-json\/wp\/v2\/pages\/1426\/revisions"}],"predecessor-version":[{"id":2688,"href":"https:\/\/cepajmiribarren.educacion.navarra.es\/web\/wp-json\/wp\/v2\/pages\/1426\/revisions\/2688"}],"wp:attachment":[{"href":"https:\/\/cepajmiribarren.educacion.navarra.es\/web\/wp-json\/wp\/v2\/media?parent=1426"}],"curies":[{"name":"wp","href":"https:\/\/api.w.org\/{rel}","templated":true}]}}