{"id":1045,"date":"2016-12-12T00:10:21","date_gmt":"2016-12-11T23:10:21","guid":{"rendered":"http:\/\/cepajmiribarren.educacion.navarra.es\/web\/?page_id=1045"},"modified":"2021-06-10T09:38:15","modified_gmt":"2021-06-10T07:38:15","slug":"oferta-educativa","status":"publish","type":"page","link":"https:\/\/cepajmiribarren.educacion.navarra.es\/web\/oferta-educativa\/","title":{"rendered":"Oferta Educativa"},"content":{"rendered":"<p>En el Centro P\u00fablico de Educaci\u00f3n B\u00e1sica de Personas Adultas \u201cJos\u00e9 Mar\u00eda Iribarren\u201d de Pamplona se imparten cursos de Formaci\u00f3n B\u00e1sica, Competencias Clave N2 (en colaboraci\u00f3n con la Agencia Navarra de Empleo), Castellano para extranjeros, Grupos de Atenci\u00f3n Espec\u00edfica, Formaci\u00f3n Personal, Aula Mentor (cursos online) y CCSE (Conocimiento de la Cultura y Sociedad Espa\u00f1ola).<\/p>\n<p><a href=\"https:\/\/cepajmiribarren.educacion.navarra.es\/web\/wp-content\/uploads\/2021\/03\/Cartel-de-la-entrada-A1.png\"><img loading=\"lazy\" class=\"alignleft wp-image-2415 size-full\" src=\"https:\/\/cepajmiribarren.educacion.navarra.es\/web\/wp-content\/uploads\/2021\/03\/Cartel-de-la-entrada-A1.png\" alt=\"\" width=\"3179\" height=\"2245\" srcset=\"https:\/\/cepajmiribarren.educacion.navarra.es\/web\/wp-content\/uploads\/2021\/03\/Cartel-de-la-entrada-A1.png 3179w, https:\/\/cepajmiribarren.educacion.navarra.es\/web\/wp-content\/uploads\/2021\/03\/Cartel-de-la-entrada-A1-300x212.png 300w, https:\/\/cepajmiribarren.educacion.navarra.es\/web\/wp-content\/uploads\/2021\/03\/Cartel-de-la-entrada-A1-1024x723.png 1024w, https:\/\/cepajmiribarren.educacion.navarra.es\/web\/wp-content\/uploads\/2021\/03\/Cartel-de-la-entrada-A1-768x542.png 768w, https:\/\/cepajmiribarren.educacion.navarra.es\/web\/wp-content\/uploads\/2021\/03\/Cartel-de-la-entrada-A1-1536x1085.png 1536w, https:\/\/cepajmiribarren.educacion.navarra.es\/web\/wp-content\/uploads\/2021\/03\/Cartel-de-la-entrada-A1-2048x1446.png 2048w, https:\/\/cepajmiribarren.educacion.navarra.es\/web\/wp-content\/uploads\/2021\/03\/Cartel-de-la-entrada-A1-150x106.png 150w\" sizes=\"(max-width: 3179px) 100vw, 3179px\" \/><\/a><\/p>\n<p><strong>Encontrar\u00e9is m\u00e1s informaci\u00f3n a trav\u00e9s de los siguientes enlaces:<\/strong><\/p>\n<ul>\n<li><span style=\"color: #3366ff;\"><a style=\"color: #3366ff;\" href=\"http:\/\/cepajmiribarren.educacion.navarra.es\/web\/formacion-basica\/\" rel=\"noopener noreferrer\">Formaci\u00f3n B\u00e1sica<\/a><\/span><\/li>\n<li><span style=\"color: #3366ff;\"><a style=\"color: #3366ff;\" href=\"http:\/\/cepajmiribarren.educacion.navarra.es\/web\/castellano\/\" rel=\"noopener noreferrer\">Castellano<\/a><\/span><\/li>\n<li><span style=\"color: #3366ff;\"><a style=\"color: #3366ff;\" href=\"http:\/\/cepajmiribarren.educacion.navarra.es\/web\/competencias-clave\/\" rel=\"noopener noreferrer\">Competencias Clave<\/a><\/span><\/li>\n<li><span style=\"color: #3366ff;\"><a style=\"color: #3366ff;\" href=\"https:\/\/cepajmiribarren.educacion.navarra.es\/web\/grupos-especificos-de-personas-adultas-gea\/\" rel=\"noopener noreferrer\">Grupos Espec\u00edficos de Personas Adultas (GEA)<\/a><\/span><\/li>\n<li><span style=\"color: #3366ff;\"><a style=\"color: #3366ff;\" href=\"http:\/\/cepajmiribarren.educacion.navarra.es\/web\/ccse\/\" rel=\"noopener noreferrer\">Conocimientos Constitucionales y Socioculturales de Espa\u00f1a<\/a><\/span><\/li>\n<li><span style=\"color: #3366ff;\"><a style=\"color: #3366ff;\" href=\"http:\/\/cepajmiribarren.educacion.navarra.es\/web\/formacion-personal\/\" rel=\"noopener noreferrer\">Formaci\u00f3n Personal<\/a><\/span><\/li>\n<li><span style=\"color: #3366ff;\"><a style=\"color: #3366ff;\" href=\"http:\/\/cepajmiribarren.educacion.navarra.es\/web\/aulamentor\/\" target=\"_blank\" rel=\"noopener noreferrer\">Aula Mentor<\/a><\/span><\/li>\n<\/ul>\n\n","protected":false},"excerpt":{"rendered":"<p>En el Centro P\u00fablico de Educaci\u00f3n B\u00e1sica de Personas Adultas \u201cJos\u00e9 Mar\u00eda Iribarren\u201d de Pamplona se imparten cursos de Formaci\u00f3n B\u00e1sica, Competencias Clave N2 (en colaboraci\u00f3n con la Agencia Navarra de Empleo), Castellano para extranjeros, Grupos de Atenci\u00f3n Espec\u00edfica, Formaci\u00f3n Personal, Aula Mentor (cursos online) y CCSE (Conocimiento de la\u2026<\/p>\n<p class=\"continue-reading-button\"> <a class=\"continue-reading-link\" href=\"https:\/\/cepajmiribarren.educacion.navarra.es\/web\/oferta-educativa\/\">Leer m\u00e1s..<i class=\"crycon-right-dir\"><\/i><\/a><\/p>\n","protected":false},"author":1,"featured_media":0,"parent":0,"menu_order":0,"comment_status":"closed","ping_status":"closed","template":"","meta":[],"_links":{"self":[{"href":"https:\/\/cepajmiribarren.educacion.navarra.es\/web\/wp-json\/wp\/v2\/pages\/1045"}],"collection":[{"href":"https:\/\/cepajmiribarren.educacion.navarra.es\/web\/wp-json\/wp\/v2\/pages"}],"about":[{"href":"https:\/\/cepajmiribarren.educacion.navarra.es\/web\/wp-json\/wp\/v2\/types\/page"}],"author":[{"embeddable":true,"href":"https:\/\/cepajmiribarren.educacion.navarra.es\/web\/wp-json\/wp\/v2\/users\/1"}],"replies":[{"embeddable":true,"href":"https:\/\/cepajmiribarren.educacion.navarra.es\/web\/wp-json\/wp\/v2\/comments?post=1045"}],"version-history":[{"count":11,"href":"https:\/\/cepajmiribarren.educacion.navarra.es\/web\/wp-json\/wp\/v2\/pages\/1045\/revisions"}],"predecessor-version":[{"id":2901,"href":"https:\/\/cepajmiribarren.educacion.navarra.es\/web\/wp-json\/wp\/v2\/pages\/1045\/revisions\/2901"}],"wp:attachment":[{"href":"https:\/\/cepajmiribarren.educacion.navarra.es\/web\/wp-json\/wp\/v2\/media?parent=1045"}],"curies":[{"name":"wp","href":"https:\/\/api.w.org\/{rel}","templated":true}]}}