{"id":1016,"date":"2016-12-11T20:27:34","date_gmt":"2016-12-11T19:27:34","guid":{"rendered":"http:\/\/cepajmiribarren.educacion.navarra.es\/web\/?page_id=1016"},"modified":"2025-11-10T18:06:00","modified_gmt":"2025-11-10T17:06:00","slug":"ccse","status":"publish","type":"page","link":"https:\/\/cepajmiribarren.educacion.navarra.es\/web\/ccse\/","title":{"rendered":"CCSE-DELE"},"content":{"rendered":"<p><span style=\"text-decoration: underline; font-size: 14pt;\"><strong>Conocimientos Constitucionales y Socioculturales de Espa\u00f1a (CCSE) y DELE A2<\/strong><\/span><\/p>\n<p>Curso dirigido a la preparaci\u00f3n de las pruebas encaminadas a la adquisici\u00f3n de la nacionalidad espa\u00f1ola.<\/p>\n<p><img loading=\"lazy\" class=\"aligncenter\" title=\"\" src=\"http:\/\/www.parainmigrantes.info\/wp-content\/uploads\/2015\/06\/Instituto-Cervantes.png\" alt=\"Instituto Cervantes\" width=\"365\" height=\"244\" \/><\/p>\n<p style=\"text-align: center;\">M\u00e1s informaci\u00f3n en:\u00a0 <span style=\"color: #3366ff;\"><a style=\"color: #3366ff;\" href=\"https:\/\/ccse.cervantes.es\">https:\/\/ccse.cervantes.es<\/a><\/span><\/p>\n","protected":false},"excerpt":{"rendered":"<p>Conocimientos Constitucionales y Socioculturales de Espa\u00f1a (CCSE) y DELE A2 Curso dirigido a la preparaci\u00f3n de las pruebas encaminadas a la adquisici\u00f3n de la nacionalidad espa\u00f1ola. M\u00e1s informaci\u00f3n en:\u00a0 https:\/\/ccse.cervantes.es<\/p>\n<p class=\"continue-reading-button\"> <a class=\"continue-reading-link\" href=\"https:\/\/cepajmiribarren.educacion.navarra.es\/web\/ccse\/\">Leer m\u00e1s..<i class=\"crycon-right-dir\"><\/i><\/a><\/p>\n","protected":false},"author":1,"featured_media":0,"parent":0,"menu_order":0,"comment_status":"closed","ping_status":"closed","template":"","meta":[],"_links":{"self":[{"href":"https:\/\/cepajmiribarren.educacion.navarra.es\/web\/wp-json\/wp\/v2\/pages\/1016"}],"collection":[{"href":"https:\/\/cepajmiribarren.educacion.navarra.es\/web\/wp-json\/wp\/v2\/pages"}],"about":[{"href":"https:\/\/cepajmiribarren.educacion.navarra.es\/web\/wp-json\/wp\/v2\/types\/page"}],"author":[{"embeddable":true,"href":"https:\/\/cepajmiribarren.educacion.navarra.es\/web\/wp-json\/wp\/v2\/users\/1"}],"replies":[{"embeddable":true,"href":"https:\/\/cepajmiribarren.educacion.navarra.es\/web\/wp-json\/wp\/v2\/comments?post=1016"}],"version-history":[{"count":11,"href":"https:\/\/cepajmiribarren.educacion.navarra.es\/web\/wp-json\/wp\/v2\/pages\/1016\/revisions"}],"predecessor-version":[{"id":4211,"href":"https:\/\/cepajmiribarren.educacion.navarra.es\/web\/wp-json\/wp\/v2\/pages\/1016\/revisions\/4211"}],"wp:attachment":[{"href":"https:\/\/cepajmiribarren.educacion.navarra.es\/web\/wp-json\/wp\/v2\/media?parent=1016"}],"curies":[{"name":"wp","href":"https:\/\/api.w.org\/{rel}","templated":true}]}}