{"id":1004,"date":"2016-12-11T18:06:25","date_gmt":"2016-12-11T17:06:25","guid":{"rendered":"http:\/\/cepajmiribarren.educacion.navarra.es\/web\/?page_id=1004"},"modified":"2021-05-04T09:26:58","modified_gmt":"2021-05-04T07:26:58","slug":"orientacion-escolar","status":"publish","type":"page","link":"https:\/\/cepajmiribarren.educacion.navarra.es\/web\/orientacion-escolar\/","title":{"rendered":"Orientaci\u00f3n escolar"},"content":{"rendered":"<p style=\"text-align: justify;\">El CPEBPA \u00abJos\u00e9 Mar\u00eda Iribarren\u00bb cuenta con servicio de orientaci\u00f3n.<\/p>\n<p style=\"text-align: justify;\">Las personas interesadas en hacer alguna consulta deben solicitar cita a trav\u00e9s de su profesor\/a o en la conserjer\u00eda del centro.<\/p>\n<p style=\"text-align: justify;\">Tambi\u00e9n se imparte, una vez por cuatrimestre, una charla sobre \u00abOrientaci\u00f3n acad\u00e9mica y profesional\u00bb<\/p>\n<h4><span style=\"text-decoration: underline; color: #008000;\"><strong><br \/>\n<\/strong><\/span><span style=\"text-decoration: underline; color: #333333;\"><strong> Orientaci\u00f3n acad\u00e9mica y profesional<\/strong><\/span><\/h4>\n<p>Informaci\u00f3n sobre los diferentes itinerarios acad\u00e9micos y profesionales a los que puedes acceder una vez que termines los estudios que se imparten en este Centro de Educaci\u00f3n de Personas Adultas.<\/p>\n<p><a href=\"https:\/\/es.slideshare.net\/JosMaraIribarren\/presentacin-y-despus-qu-16-17\/JosMaraIribarren\/presentacin-y-despus-qu-16-17\" target=\"_blank\" rel=\"noopener\"><span style=\"color: #3366ff;\">\u00bfY despu\u00e9s qu\u00e9? (presentaci\u00f3n de diapositivas)<\/span><\/a><\/p>\n<p><span style=\"color: #3366ff;\"><a style=\"color: #3366ff;\" href=\"https:\/\/www.navarra.es\/es\/tramites\/on\/-\/line\/Pruebas-para-obtener-el-titulo-de-Graduado-en-ESO\" target=\"_blank\" rel=\"noopener\">Prueba Libre para la obtenci\u00f3n del Graduado en Educaci\u00f3n Secundaria<\/a><\/span><\/p>\n<p><span style=\"color: #3366ff;\"><a style=\"color: #3366ff;\" href=\"https:\/\/iesnapa.educacion.navarra.es\/\" target=\"_blank\" rel=\"noopener\">Educaci\u00f3n Secundaria para Personas Adultas . IES F\u00e9lix Urabayen<\/a><\/span><\/p>\n<p><span style=\"color: #3366ff;\"><a style=\"color: #3366ff;\" href=\"http:\/\/cepajmiribarren.educacion.navarra.es\/web\/documentos\/orientacion_academica_laboral\/cp.pdf\" target=\"_blank\" rel=\"noopener\">Curso de Certificado de Profesionalidad<\/a><\/span><\/p>\n<p><span style=\"color: #3366ff;\"><a style=\"color: #3366ff;\" href=\"http:\/\/cepajmiribarren.educacion.navarra.es\/web\/documentos\/orientacion_academica_laboral\/n12_REQUISITOSDEACCESOAL_N2.pdf\" target=\"_blank\" rel=\"noopener\">Cursos de Certificado de Profesionalidad N2<\/a>\u00a0\u00a0\u00a0<\/span><\/p>\n<p><span style=\"color: #3366ff;\"><a style=\"color: #3366ff;\" href=\"http:\/\/cepajmiribarren.educacion.navarra.es\/web\/documentos\/orientacion_academica_laboral\/n13_REQUISITOSACCESO_N3.pdf\" target=\"_blank\" rel=\"noopener\">Cursos de Certificado de Profesionalidad N3<\/a><\/span><\/p>\n<p><span style=\"color: #3366ff;\"><a style=\"color: #3366ff;\" href=\"http:\/\/cepajmiribarren.educacion.navarra.es\/web\/documentos\/orientacion_academica_laboral\/cgm.pdf\" target=\"_blank\" rel=\"noopener\">Ciclos formativos de Grado Medio<\/a><\/span><\/p>\n<p><span style=\"color: #3366ff;\"><a style=\"color: #3366ff;\" href=\"http:\/\/www.navarra.es\/home_es\/Servicios\/ficha\/3104\/Pruebas-de-acceso-a-ciclos-de-FP-de-Artes-Plasticas-y-Diseno-y-de-Ensenanzas-Deportivas\" target=\"_blank\" rel=\"noopener\">Prueba de acceso a los ciclos formativos de Grado Medio<\/a><\/span><\/p>\n<p><span style=\"color: #3366ff;\"><a style=\"color: #3366ff;\" href=\"http:\/\/www.unavarra.es\/estudios\/acceso-y-matricula\/grados\/quien-puede-acceder#25\" target=\"_blank\" rel=\"noopener\">Universidad P\u00fablica de Navarra<\/a><\/span><\/p>\n<p><span style=\"color: #3366ff;\"><a style=\"color: #3366ff;\" href=\"http:\/\/www.unavarra.es\/aula-experiencia\/oferta-academica\" target=\"_blank\" rel=\"noopener\">Aula de la experiencia<\/a><\/span><\/p>\n<p><span style=\"color: #3366ff;\"><a style=\"color: #3366ff;\" href=\"http:\/\/www.unedpamplona.es\/seccion\/seccion.aspx?a=2\" target=\"_blank\" rel=\"noopener\">Universidad Nacional de Educaci\u00f3n a Distancia (UNED)<\/a>\u00a0<\/span><\/p>\n<p><span style=\"color: #3366ff;\"><a style=\"color: #3366ff;\" href=\"http:\/\/www.unav.edu\/web\/admision-y-ayudas\/acceso-para-mayores-de-25-y-45\" target=\"_blank\" rel=\"noopener\">Universidad de Navarra<\/a>\u00a0<\/span><\/p>\n","protected":false},"excerpt":{"rendered":"<p>El CPEBPA \u00abJos\u00e9 Mar\u00eda Iribarren\u00bb cuenta con servicio de orientaci\u00f3n. Las personas interesadas en hacer alguna consulta deben solicitar cita a trav\u00e9s de su profesor\/a o en la conserjer\u00eda del centro. Tambi\u00e9n se imparte, una vez por cuatrimestre, una charla sobre \u00abOrientaci\u00f3n acad\u00e9mica y profesional\u00bb Orientaci\u00f3n acad\u00e9mica y profesional Informaci\u00f3n\u2026<\/p>\n<p class=\"continue-reading-button\"> <a class=\"continue-reading-link\" href=\"https:\/\/cepajmiribarren.educacion.navarra.es\/web\/orientacion-escolar\/\">Leer m\u00e1s..<i class=\"crycon-right-dir\"><\/i><\/a><\/p>\n","protected":false},"author":1,"featured_media":0,"parent":0,"menu_order":0,"comment_status":"closed","ping_status":"closed","template":"","meta":[],"_links":{"self":[{"href":"https:\/\/cepajmiribarren.educacion.navarra.es\/web\/wp-json\/wp\/v2\/pages\/1004"}],"collection":[{"href":"https:\/\/cepajmiribarren.educacion.navarra.es\/web\/wp-json\/wp\/v2\/pages"}],"about":[{"href":"https:\/\/cepajmiribarren.educacion.navarra.es\/web\/wp-json\/wp\/v2\/types\/page"}],"author":[{"embeddable":true,"href":"https:\/\/cepajmiribarren.educacion.navarra.es\/web\/wp-json\/wp\/v2\/users\/1"}],"replies":[{"embeddable":true,"href":"https:\/\/cepajmiribarren.educacion.navarra.es\/web\/wp-json\/wp\/v2\/comments?post=1004"}],"version-history":[{"count":30,"href":"https:\/\/cepajmiribarren.educacion.navarra.es\/web\/wp-json\/wp\/v2\/pages\/1004\/revisions"}],"predecessor-version":[{"id":2673,"href":"https:\/\/cepajmiribarren.educacion.navarra.es\/web\/wp-json\/wp\/v2\/pages\/1004\/revisions\/2673"}],"wp:attachment":[{"href":"https:\/\/cepajmiribarren.educacion.navarra.es\/web\/wp-json\/wp\/v2\/media?parent=1004"}],"curies":[{"name":"wp","href":"https:\/\/api.w.org\/{rel}","templated":true}]}}