{"id":1001,"date":"2016-12-11T17:54:09","date_gmt":"2016-12-11T16:54:09","guid":{"rendered":"http:\/\/cepajmiribarren.educacion.navarra.es\/web\/?page_id=1001"},"modified":"2025-03-24T11:30:28","modified_gmt":"2025-03-24T10:30:28","slug":"conserjeria-secretaria","status":"publish","type":"page","link":"https:\/\/cepajmiribarren.educacion.navarra.es\/web\/conserjeria-secretaria\/","title":{"rendered":"Conserjer\u00eda \/ Secretar\u00eda"},"content":{"rendered":"<p><a href=\"http:\/\/cepajmiribarren.educacion.navarra.es\/web\/wp-content\/uploads\/2016\/12\/Conserjer\u00eda-CPEBPA-Jos\u00e9-Mar\u00eda-Iribarren.jpg\"><img loading=\"lazy\" class=\"wp-image-1160 size-medium alignleft\" src=\"http:\/\/cepajmiribarren.educacion.navarra.es\/web\/wp-content\/uploads\/2016\/12\/Conserjer\u00eda-CPEBPA-Jos\u00e9-Mar\u00eda-Iribarren-300x224.jpg\" alt=\"Conserjer\u00eda CPEBPA Jos\u00e9 Mar\u00eda Iribarren\" width=\"300\" height=\"224\" srcset=\"https:\/\/cepajmiribarren.educacion.navarra.es\/web\/wp-content\/uploads\/2016\/12\/Conserjer\u00eda-CPEBPA-Jos\u00e9-Mar\u00eda-Iribarren-300x224.jpg 300w, https:\/\/cepajmiribarren.educacion.navarra.es\/web\/wp-content\/uploads\/2016\/12\/Conserjer\u00eda-CPEBPA-Jos\u00e9-Mar\u00eda-Iribarren-768x574.jpg 768w, https:\/\/cepajmiribarren.educacion.navarra.es\/web\/wp-content\/uploads\/2016\/12\/Conserjer\u00eda-CPEBPA-Jos\u00e9-Mar\u00eda-Iribarren-201x150.jpg 201w, https:\/\/cepajmiribarren.educacion.navarra.es\/web\/wp-content\/uploads\/2016\/12\/Conserjer\u00eda-CPEBPA-Jos\u00e9-Mar\u00eda-Iribarren-150x112.jpg 150w, https:\/\/cepajmiribarren.educacion.navarra.es\/web\/wp-content\/uploads\/2016\/12\/Conserjer\u00eda-CPEBPA-Jos\u00e9-Mar\u00eda-Iribarren.jpg 817w\" sizes=\"(max-width: 300px) 100vw, 300px\" \/><\/a><\/p>\n<p><a href=\"http:\/\/cepajmiribarren.educacion.navarra.es\/web\/wp-content\/uploads\/2016\/12\/Secretaria.jpg\"><img loading=\"lazy\" class=\"size-medium wp-image-1260 alignnone\" src=\"http:\/\/cepajmiribarren.educacion.navarra.es\/web\/wp-content\/uploads\/2016\/12\/Secretaria-300x225.jpg\" alt=\"Secretaria\" width=\"300\" height=\"225\" srcset=\"https:\/\/cepajmiribarren.educacion.navarra.es\/web\/wp-content\/uploads\/2016\/12\/Secretaria-300x225.jpg 300w, https:\/\/cepajmiribarren.educacion.navarra.es\/web\/wp-content\/uploads\/2016\/12\/Secretaria-768x576.jpg 768w, https:\/\/cepajmiribarren.educacion.navarra.es\/web\/wp-content\/uploads\/2016\/12\/Secretaria-200x150.jpg 200w, https:\/\/cepajmiribarren.educacion.navarra.es\/web\/wp-content\/uploads\/2016\/12\/Secretaria-150x112.jpg 150w, https:\/\/cepajmiribarren.educacion.navarra.es\/web\/wp-content\/uploads\/2016\/12\/Secretaria.jpg 815w\" sizes=\"(max-width: 300px) 100vw, 300px\" \/><\/a><\/p>\n<p><span style=\"text-decoration: underline;\"><strong>Horarios de Conserjer\u00eda durante el Curso Escolar<\/strong><\/span><\/p>\n<p>Lunes a jueves: de 07:45 a 20:30 horas.<\/p>\n<p>Viernes: de 07:45 a 14:30 horas.<\/p>\n<p><span style=\"text-decoration: underline;\"><strong>Horarios de Secretar\u00eda durante el Curso Escolar<\/strong><\/span><\/p>\n<table style=\"height: 159px; width: 101.548%; border-collapse: collapse; border-style: double; border-color: #000000;\">\n<tbody>\n<tr style=\"height: 26px;\">\n<td style=\"width: 100%; height: 26px; background-color: #afeb0c; text-align: center;\" colspan=\"6\"><strong>HORARIO DE SECRETAR\u00cdA<\/strong><\/td>\n<\/tr>\n<tr style=\"height: 26px;\">\n<td style=\"width: 16.6667%; height: 26px;\"><\/td>\n<td style=\"width: 16.5477%; height: 26px; text-align: center; background-color: #f2c90f;\"><strong>Lunes<\/strong><\/td>\n<td style=\"width: 16.7857%; height: 26px; text-align: center; background-color: #f2c90f;\"><strong>Martes<\/strong><\/td>\n<td style=\"width: 16.6667%; height: 26px; text-align: center; background-color: #f2c90f;\"><strong>Mi\u00e9rcoles<\/strong><\/td>\n<td style=\"width: 16.6667%; height: 26px; text-align: center; background-color: #f2c90f;\"><strong>Jueves<\/strong><\/td>\n<td style=\"width: 16.6667%; height: 26px; text-align: center; background-color: #f2c90f;\"><strong>Viernes<\/strong><\/td>\n<\/tr>\n<tr style=\"height: 26px;\">\n<td style=\"width: 16.6667%; height: 26px;\"><strong>Ma\u00f1ana<\/strong><\/td>\n<td style=\"width: 16.5477%; height: 26px; text-align: center;\">10:30 -15:00<\/td>\n<td style=\"width: 16.7857%; height: 26px; text-align: center;\">9:30 -14:00<\/td>\n<td style=\"width: 16.6667%; height: 26px; text-align: center;\">\u00a09:30 -14:00<\/td>\n<td style=\"width: 16.6667%; height: 26px; text-align: center;\">\u00a09:30 -14:00<\/td>\n<td style=\"width: 16.6667%; height: 26px; text-align: center;\">\u00a09:30 -14:00<\/td>\n<\/tr>\n<tr style=\"height: 26px;\">\n<td style=\"width: 16.6667%; height: 26px;\"><strong>Tarde<\/strong><\/td>\n<td style=\"width: 16.5477%; height: 26px; text-align: center;\">16:00 -18:00<\/td>\n<td style=\"width: 16.7857%; height: 26px; text-align: center;\">16:00 -18:00<\/td>\n<td style=\"width: 16.6667%; height: 26px; background-color: #000000; text-align: center;\">&#8212;&#8212;-<\/td>\n<td style=\"width: 16.6667%; height: 26px; text-align: center;\">16:00 -18:00<\/td>\n<td style=\"width: 16.6667%; height: 26px; background-color: #000000; text-align: center;\">&#8212;&#8212;&#8212;-<\/td>\n<\/tr>\n<\/tbody>\n<\/table>\n","protected":false},"excerpt":{"rendered":"<p>Horarios de Conserjer\u00eda durante el Curso Escolar Lunes a jueves: de 07:45 a 20:30 horas. Viernes: de 07:45 a 14:30 horas. Horarios de Secretar\u00eda durante el Curso Escolar HORARIO DE SECRETAR\u00cdA Lunes Martes Mi\u00e9rcoles Jueves Viernes Ma\u00f1ana 10:30 -15:00 9:30 -14:00 \u00a09:30 -14:00 \u00a09:30 -14:00 \u00a09:30 -14:00 Tarde 16:00 -18:00\u2026<\/p>\n<p class=\"continue-reading-button\"> <a class=\"continue-reading-link\" href=\"https:\/\/cepajmiribarren.educacion.navarra.es\/web\/conserjeria-secretaria\/\">Leer m\u00e1s..<i class=\"crycon-right-dir\"><\/i><\/a><\/p>\n","protected":false},"author":1,"featured_media":0,"parent":0,"menu_order":0,"comment_status":"closed","ping_status":"closed","template":"","meta":[],"_links":{"self":[{"href":"https:\/\/cepajmiribarren.educacion.navarra.es\/web\/wp-json\/wp\/v2\/pages\/1001"}],"collection":[{"href":"https:\/\/cepajmiribarren.educacion.navarra.es\/web\/wp-json\/wp\/v2\/pages"}],"about":[{"href":"https:\/\/cepajmiribarren.educacion.navarra.es\/web\/wp-json\/wp\/v2\/types\/page"}],"author":[{"embeddable":true,"href":"https:\/\/cepajmiribarren.educacion.navarra.es\/web\/wp-json\/wp\/v2\/users\/1"}],"replies":[{"embeddable":true,"href":"https:\/\/cepajmiribarren.educacion.navarra.es\/web\/wp-json\/wp\/v2\/comments?post=1001"}],"version-history":[{"count":8,"href":"https:\/\/cepajmiribarren.educacion.navarra.es\/web\/wp-json\/wp\/v2\/pages\/1001\/revisions"}],"predecessor-version":[{"id":4090,"href":"https:\/\/cepajmiribarren.educacion.navarra.es\/web\/wp-json\/wp\/v2\/pages\/1001\/revisions\/4090"}],"wp:attachment":[{"href":"https:\/\/cepajmiribarren.educacion.navarra.es\/web\/wp-json\/wp\/v2\/media?parent=1001"}],"curies":[{"name":"wp","href":"https:\/\/api.w.org\/{rel}","templated":true}]}}