{"id":327,"date":"2017-07-02T14:23:04","date_gmt":"2017-07-02T12:23:04","guid":{"rendered":"http:\/\/cepajmiribarren.educacion.navarra.es\/web\/aulamentor\/?page_id=327"},"modified":"2017-07-02T14:23:04","modified_gmt":"2017-07-02T12:23:04","slug":"darse-de-baja","status":"publish","type":"page","link":"https:\/\/cepajmiribarren.educacion.navarra.es\/web\/aulamentor\/darse-de-baja\/","title":{"rendered":"Darse de baja"},"content":{"rendered":"<p>Todas las personas matriculadas que, independientemente de realizar el curso desde el Aula o desde su propio domicilio, se vean obligadas a abandonar el curso temporalmente por motivos profesionales, de salud, vacaciones, etc. y que pasada esta circunstancia deseen volver a incorporarse,\u00a0deber\u00e1n ponerlo en conocimiento del Administrador del Aula.<\/p>\n<p>Ello supondr\u00e1 la baja del alumno, perdiendo el tiempo que le restaba de\u00a0la cuota ingresada. Cuando desee reincorporarse deber\u00e1 ingresar una cuota\u00a0correspondiente a dos meses y se les asignar\u00e1 turno y horario, en funci\u00f3n de la disponibilidad de puestos en el Aula o lo har\u00e1 directamente si realiza el curso desde su propio domicilio.<\/p>\n<p>Tras una baja temporal no se le asegura disponibilidad de un puesto en el Aula ni que se le pueda asignar el mismo tutor. Los \u00fanicos periodos del curso en que el sistema de gesti\u00f3n podr\u00e1 detener el tiempo en la matr\u00edcula ser\u00e1 en los meses de junio, julio, agosto,\u00a0septiembre y diciembre.<\/p>\n<p>Si el alumno realiza el curso desde su propio domicilio, y\u00a0si lo desea, puede permanecer dado de alta los meses de julio y septiembre,\u00a0disponiendo de acceso a la mesa de trabajo y a las consultas al\u00a0tutor.<\/p>\n","protected":false},"excerpt":{"rendered":"<p>Todas las personas matriculadas que, independientemente de realizar el curso desde el Aula o desde su propio domicilio, se vean obligadas a abandonar el curso temporalmente por motivos profesionales, de salud, vacaciones, etc. y que pasada esta circunstancia deseen volver a incorporarse,\u00a0deber\u00e1n ponerlo en conocimiento del Administrador del Aula. Ello supondr\u00e1 la baja del alumno, [&hellip;]<\/p>\n","protected":false},"author":1,"featured_media":0,"parent":0,"menu_order":0,"comment_status":"closed","ping_status":"closed","template":"","meta":{"_genesis_hide_title":false,"_genesis_hide_breadcrumbs":false,"_genesis_hide_singular_image":false,"_genesis_hide_footer_widgets":false,"_genesis_custom_body_class":"","_genesis_custom_post_class":"","_genesis_layout":""},"_links":{"self":[{"href":"https:\/\/cepajmiribarren.educacion.navarra.es\/web\/aulamentor\/wp-json\/wp\/v2\/pages\/327"}],"collection":[{"href":"https:\/\/cepajmiribarren.educacion.navarra.es\/web\/aulamentor\/wp-json\/wp\/v2\/pages"}],"about":[{"href":"https:\/\/cepajmiribarren.educacion.navarra.es\/web\/aulamentor\/wp-json\/wp\/v2\/types\/page"}],"author":[{"embeddable":true,"href":"https:\/\/cepajmiribarren.educacion.navarra.es\/web\/aulamentor\/wp-json\/wp\/v2\/users\/1"}],"replies":[{"embeddable":true,"href":"https:\/\/cepajmiribarren.educacion.navarra.es\/web\/aulamentor\/wp-json\/wp\/v2\/comments?post=327"}],"version-history":[{"count":1,"href":"https:\/\/cepajmiribarren.educacion.navarra.es\/web\/aulamentor\/wp-json\/wp\/v2\/pages\/327\/revisions"}],"predecessor-version":[{"id":328,"href":"https:\/\/cepajmiribarren.educacion.navarra.es\/web\/aulamentor\/wp-json\/wp\/v2\/pages\/327\/revisions\/328"}],"wp:attachment":[{"href":"https:\/\/cepajmiribarren.educacion.navarra.es\/web\/aulamentor\/wp-json\/wp\/v2\/media?parent=327"}],"curies":[{"name":"wp","href":"https:\/\/api.w.org\/{rel}","templated":true}]}}