{"id":115,"date":"2015-05-15T10:18:40","date_gmt":"2015-05-15T08:18:40","guid":{"rendered":"http:\/\/cepajmiribarren.educacion.navarra.es\/web\/aulamentor\/?page_id=115"},"modified":"2024-09-20T12:13:50","modified_gmt":"2024-09-20T10:13:50","slug":"adminstrador","status":"publish","type":"page","link":"https:\/\/cepajmiribarren.educacion.navarra.es\/web\/aulamentor\/adminstrador\/","title":{"rendered":"Administrador"},"content":{"rendered":"<div class=\"mx-article\">\n<p>El <strong>papel<\/strong> del administrador es de gran importancia dentro del proyecto. Su tarea <strong>no<\/strong> es la de <strong>impartir conocimientos<\/strong>, sino la de organizador, gestor, <strong>facilitador de aprendizaje<\/strong>. Deber\u00e1 responsabilizarse de una serie de tareas relacionadas con los alumnos, el aula y el entorno Mentor.<\/p>\n<p>El trabajo del Administrador tiene diversas facetas:<\/p>\n<ul>\n<li style=\"text-align: justify;\">Asegurar que todo el <b>equipamiento <\/b>audiovisual, inform\u00e1tico y de consulta del Aula se encuentre <b>operativo<\/b>.<\/li>\n<li style=\"text-align: justify;\"><b>Asesorar<\/b> a los posibles <b>alumnos <\/b>sobre cu\u00e1les son los <b>cursos<\/b> que m\u00e1s se adecuan a sus necesidades y las dificultades que pueden encontrar en su desarrollo. Hay que tener en cuenta que muchos alumnos se acercan al mundo de las tecnolog\u00edas sin una idea exacta sobre la utilidad que pueden tener sobre su trabajo o sus necesidades de formaci\u00f3n.<\/li>\n<li style=\"text-align: justify;\"><b>Acompa\u00f1ar<\/b> a los alumnos en sus <b>primeras comunicaciones telem\u00e1ticas <\/b>para solventar los miedos que, generalmente, producen esos primeros acercamientos.<\/li>\n<li style=\"text-align: justify;\"><b>Resolver las dificultades que puedan plantearse entre los alumnos con sus tutores<\/b>, animando a los alumnos a que planteen sus dudas, inquietudes e incluso sus quejas al tutor. Al mismo tiempo los tutores consultan a los administradores sobre las caracter\u00edsticas de alg\u00fan alumno en particular, cuando observan dificultades en el proceso de aprendizaje u observan per\u00edodos largos de inactividad.<\/li>\n<li style=\"text-align: justify;\"><b>Gesti\u00f3n administrativa y econ\u00f3mica<\/b> del Aula: altas, matr\u00edculas, pagos mensuales, materiales&#8230;<\/li>\n<li style=\"text-align: justify;\"><b>Organizar <\/b>la Prueba Final del Curso.<\/li>\n<li style=\"text-align: justify;\"><b>Gestionar el uso del aula<\/b>, procurando rentabilizar al m\u00e1ximo su funcionamiento. Para ello elaboran un horario seg\u00fan los deseos de los alumnos y la lista de espera con la que cuenten.<\/li>\n<li style=\"text-align: justify;\"><b>Difundir<\/b> las <b>ofertas educativas<\/b> del proyecto.<\/li>\n<li style=\"text-align: justify;\">Servir de <b>puente<\/b> entre todos los implicados en el proyecto.<\/li>\n<\/ul>\n<\/div>\n","protected":false},"excerpt":{"rendered":"<p>El papel del administrador es de gran importancia dentro del proyecto. Su tarea no es la de impartir conocimientos, sino la de organizador, gestor, facilitador de aprendizaje. Deber\u00e1 responsabilizarse de una serie de tareas relacionadas con los alumnos, el aula y el entorno Mentor. El trabajo del Administrador tiene diversas facetas: Asegurar que todo el [&hellip;]<\/p>\n","protected":false},"author":1,"featured_media":140,"parent":0,"menu_order":0,"comment_status":"closed","ping_status":"closed","template":"","meta":{"_genesis_hide_title":false,"_genesis_hide_breadcrumbs":false,"_genesis_hide_singular_image":false,"_genesis_hide_footer_widgets":false,"_genesis_custom_body_class":"","_genesis_custom_post_class":"","_genesis_layout":""},"_links":{"self":[{"href":"https:\/\/cepajmiribarren.educacion.navarra.es\/web\/aulamentor\/wp-json\/wp\/v2\/pages\/115"}],"collection":[{"href":"https:\/\/cepajmiribarren.educacion.navarra.es\/web\/aulamentor\/wp-json\/wp\/v2\/pages"}],"about":[{"href":"https:\/\/cepajmiribarren.educacion.navarra.es\/web\/aulamentor\/wp-json\/wp\/v2\/types\/page"}],"author":[{"embeddable":true,"href":"https:\/\/cepajmiribarren.educacion.navarra.es\/web\/aulamentor\/wp-json\/wp\/v2\/users\/1"}],"replies":[{"embeddable":true,"href":"https:\/\/cepajmiribarren.educacion.navarra.es\/web\/aulamentor\/wp-json\/wp\/v2\/comments?post=115"}],"version-history":[{"count":5,"href":"https:\/\/cepajmiribarren.educacion.navarra.es\/web\/aulamentor\/wp-json\/wp\/v2\/pages\/115\/revisions"}],"predecessor-version":[{"id":533,"href":"https:\/\/cepajmiribarren.educacion.navarra.es\/web\/aulamentor\/wp-json\/wp\/v2\/pages\/115\/revisions\/533"}],"wp:featuredmedia":[{"embeddable":true,"href":"https:\/\/cepajmiribarren.educacion.navarra.es\/web\/aulamentor\/wp-json\/wp\/v2\/media\/140"}],"wp:attachment":[{"href":"https:\/\/cepajmiribarren.educacion.navarra.es\/web\/aulamentor\/wp-json\/wp\/v2\/media?parent=115"}],"curies":[{"name":"wp","href":"https:\/\/api.w.org\/{rel}","templated":true}]}}