{"id":110,"date":"2015-05-15T10:10:17","date_gmt":"2015-05-15T08:10:17","guid":{"rendered":"http:\/\/cepajmiribarren.educacion.navarra.es\/web\/aulamentor\/?page_id=110"},"modified":"2017-03-20T08:27:28","modified_gmt":"2017-03-20T07:27:28","slug":"tutorias","status":"publish","type":"page","link":"https:\/\/cepajmiribarren.educacion.navarra.es\/web\/aulamentor\/tutorias\/","title":{"rendered":"Tutor\u00edas"},"content":{"rendered":"<p style=\"text-align: justify;\">El Proyecto Mentor se basa en una tutor\u00eda telem\u00e1tica, mediante la cual cada alumno dispone de forma permanente con un Tutor\/a que le ayuda a lo largo de su aprendizaje. Realiza sus consultas a trav\u00e9s de un sistema de interacci\u00f3n electr\u00f3nica, siendo contestado en un plazo no superior a 48 horas.<\/p>\n<p style=\"text-align: justify;\">Asimismo este modelo de formaci\u00f3n cuenta con un sistema de control, evaluaci\u00f3n y an\u00e1lisis de la actividad del alumno.<\/p>\n<p style=\"text-align: justify;\">El Tutor o Tutora es el responsable del seguimiento del curso del alumno, aclar\u00e1ndole dudas, ayud\u00e1ndole a resolver problemas, orient\u00e1ndole, corrigiendo las pr\u00e1cticas,\u2026 Todas las cuestiones relacionadas con el contenido del curso son competencia de la tutor\u00eda y a ella se debe acudir con la mayor frecuencia posible.<\/p>\n<p style=\"text-align: justify;\">Los\/as tutores\/as de los diferentes Cursos son seleccionados\/as por el CNICE de quien depende Mentor.<\/p>\n<p style=\"text-align: justify;\">Son personas expertas en los contenidos del curso y adem\u00e1s cuentan con formaci\u00f3n en la metodolog\u00eda del proyecto para realizar su actividad. .<\/p>\n<p style=\"text-align: justify;\">Tareas y obligaciones de la Tutor\u00eda:<\/p>\n<ul style=\"list-style-type: square; text-align: justify;\">\n<li style=\"padding-left: 30px;\">Es responsable del seguimiento acad\u00e9mico del alumnado.<\/li>\n<li style=\"padding-left: 30px;\">Debe resolver todas las dudas y problemas planteados por el alumnado.<\/li>\n<li style=\"padding-left: 30px;\">Debe contestar al correo del alumnado en un plazo m\u00e1ximo de 48 horas.<\/li>\n<li style=\"padding-left: 30px;\">Debe corregir las pr\u00e1cticas obligatorias del Curso.<\/li>\n<li style=\"padding-left: 30px;\">Evalua cada una de las actividades y autoriza al alumnado para que pueda<\/li>\n<li style=\"padding-left: 30px;\">realizar la evaluaci\u00f3n final.<\/li>\n<li style=\"padding-left: 30px;\">Debe calificar al Alumnado en la Prueba Final<\/li>\n<li style=\"padding-left: 30px;\">Determinar si el alumnado ha superado el Curso.<\/li>\n<li style=\"padding-left: 30px;\">Notificar los resultados: base de datos, alumno\/a, administrador\/a.<\/li>\n<\/ul>\n","protected":false},"excerpt":{"rendered":"<p>El Proyecto Mentor se basa en una tutor\u00eda telem\u00e1tica, mediante la cual cada alumno dispone de forma permanente con un Tutor\/a que le ayuda a lo largo de su aprendizaje. Realiza sus consultas a trav\u00e9s de un sistema de interacci\u00f3n electr\u00f3nica, siendo contestado en un plazo no superior a 48 horas. Asimismo este modelo de [&hellip;]<\/p>\n","protected":false},"author":1,"featured_media":152,"parent":0,"menu_order":0,"comment_status":"closed","ping_status":"closed","template":"","meta":{"_genesis_hide_title":false,"_genesis_hide_breadcrumbs":false,"_genesis_hide_singular_image":false,"_genesis_hide_footer_widgets":false,"_genesis_custom_body_class":"","_genesis_custom_post_class":"","_genesis_layout":""},"_links":{"self":[{"href":"https:\/\/cepajmiribarren.educacion.navarra.es\/web\/aulamentor\/wp-json\/wp\/v2\/pages\/110"}],"collection":[{"href":"https:\/\/cepajmiribarren.educacion.navarra.es\/web\/aulamentor\/wp-json\/wp\/v2\/pages"}],"about":[{"href":"https:\/\/cepajmiribarren.educacion.navarra.es\/web\/aulamentor\/wp-json\/wp\/v2\/types\/page"}],"author":[{"embeddable":true,"href":"https:\/\/cepajmiribarren.educacion.navarra.es\/web\/aulamentor\/wp-json\/wp\/v2\/users\/1"}],"replies":[{"embeddable":true,"href":"https:\/\/cepajmiribarren.educacion.navarra.es\/web\/aulamentor\/wp-json\/wp\/v2\/comments?post=110"}],"version-history":[{"count":3,"href":"https:\/\/cepajmiribarren.educacion.navarra.es\/web\/aulamentor\/wp-json\/wp\/v2\/pages\/110\/revisions"}],"predecessor-version":[{"id":220,"href":"https:\/\/cepajmiribarren.educacion.navarra.es\/web\/aulamentor\/wp-json\/wp\/v2\/pages\/110\/revisions\/220"}],"wp:featuredmedia":[{"embeddable":true,"href":"https:\/\/cepajmiribarren.educacion.navarra.es\/web\/aulamentor\/wp-json\/wp\/v2\/media\/152"}],"wp:attachment":[{"href":"https:\/\/cepajmiribarren.educacion.navarra.es\/web\/aulamentor\/wp-json\/wp\/v2\/media?parent=110"}],"curies":[{"name":"wp","href":"https:\/\/api.w.org\/{rel}","templated":true}]}}